{"id":333,"date":"2020-11-10T04:41:28","date_gmt":"2020-11-10T04:41:28","guid":{"rendered":"https:\/\/quercusandtruffles.com\/mayorista-de-trufa-negra\/"},"modified":"2020-11-20T23:54:20","modified_gmt":"2020-11-20T23:54:20","slug":"grossiste-truffe-noire","status":"publish","type":"page","link":"https:\/\/quercusandtruffles.com\/fr\/","title":{"rendered":"Quercus and Truffles"},"content":{"rendered":"<p>[et_pb_section fb_built=\u00a0\u00bb1&Prime; fullwidth=\u00a0\u00bbon\u00a0\u00bb _builder_version=\u00a0\u00bb4.6.6&Prime; _module_preset=\u00a0\u00bbdefault\u00a0\u00bb][et_pb_fullwidth_slider arrows_custom_color=\u00a0\u00bb#ffffff\u00a0\u00bb _builder_version=\u00a0\u00bb4.7.3&Prime; _module_preset=\u00a0\u00bbdefault\u00a0\u00bb custom_button=\u00a0\u00bbon\u00a0\u00bb button_text_size=\u00a0\u00bb18px\u00a0\u00bb button_bg_color=\u00a0\u00bb#cac6c1&Prime; button_border_width=\u00a0\u00bb0px\u00a0\u00bb button_border_radius=\u00a0\u00bb2px\u00a0\u00bb button_font=\u00a0\u00bb|300|||||||\u00a0\u00bb custom_padding=\u00a0\u00bb||||false|false\u00a0\u00bb auto=\u00a0\u00bbon\u00a0\u00bb auto_ignore_hover=\u00a0\u00bbon\u00a0\u00bb hover_transition_speed_curve=\u00a0\u00bblinear\u00a0\u00bb][et_pb_slide heading=\u00a0\u00bbQuercus &#038; Truffles\u00a0\u00bb button_text=\u00a0\u00bbD\u00c9COUVRIR PLUS\u00a0\u00bb button_link=\u00a0\u00bbhttps:\/\/quercusandtruffles.com\/mayoristas-de-trufas\/\u00a0\u00bb _builder_version=\u00a0\u00bb4.7.3&Prime; _module_preset=\u00a0\u00bbdefault\u00a0\u00bb header_level=\u00a0\u00bbh3&Prime; header_font=\u00a0\u00bb|800|||||||\u00a0\u00bb header_text_color=\u00a0\u00bb#ffffff\u00a0\u00bb header_font_size=\u00a0\u00bb46px\u00a0\u00bb background_enable_color=\u00a0\u00bboff\u00a0\u00bb use_background_color_gradient=\u00a0\u00bbon\u00a0\u00bb background_color_gradient_start=\u00a0\u00bbrgba(0,0,0,0.2)\u00a0\u00bb background_color_gradient_end=\u00a0\u00bbrgba(0,0,0,0.2)\u00a0\u00bb background_color_gradient_overlays_image=\u00a0\u00bbon\u00a0\u00bb background_image=\u00a0\u00bbhttps:\/\/quercusandtruffles.com\/wp-content\/uploads\/2020\/11\/banner-quercus-and-truffles-3.jpg\u00a0\u00bb background_enable_image=\u00a0\u00bbon\u00a0\u00bb custom_padding=\u00a0\u00bb||||false|false\u00a0\u00bb sticky_transition=\u00a0\u00bbon\u00a0\u00bb]<\/p>\n<div class=\"seo-section\">\n<h1>Grossiste truffe noire<\/h1>\n<\/div>\n<h2>Truffiers et grossiste de truffes noires<\/h2>\n<p>[\/et_pb_slide][et_pb_slide heading=\u00a0\u00bbQuercus &#038; Truffles\u00a0\u00bb button_text=\u00a0\u00bbD\u00c9COUVRIR PLUS\u00a0\u00bb button_link=\u00a0\u00bbhttps:\/\/quercusandtruffles.com\/mayoristas-de-trufas\/\u00a0\u00bb _builder_version=\u00a0\u00bb4.7.3&Prime; _module_preset=\u00a0\u00bbdefault\u00a0\u00bb header_level=\u00a0\u00bbh3&Prime; header_font=\u00a0\u00bb|800|||||||\u00a0\u00bb header_text_color=\u00a0\u00bb#ffffff\u00a0\u00bb header_font_size=\u00a0\u00bb46px\u00a0\u00bb background_enable_color=\u00a0\u00bboff\u00a0\u00bb use_background_color_gradient=\u00a0\u00bbon\u00a0\u00bb background_color_gradient_start=\u00a0\u00bbrgba(0,0,0,0.2)\u00a0\u00bb background_color_gradient_end=\u00a0\u00bbrgba(0,0,0,0.2)\u00a0\u00bb background_color_gradient_overlays_image=\u00a0\u00bbon\u00a0\u00bb background_image=\u00a0\u00bbhttps:\/\/quercusandtruffles.com\/wp-content\/uploads\/2020\/11\/black-truffle-wholesaler-banner.jpg\u00a0\u00bb background_enable_image=\u00a0\u00bbon\u00a0\u00bb custom_padding=\u00a0\u00bb||||false|false\u00a0\u00bb sticky_transition=\u00a0\u00bbon\u00a0\u00bb]<\/p>\n<h2>Truffiers et grossiste de truffes noires<\/h2>\n<p>[\/et_pb_slide][et_pb_slide heading=\u00a0\u00bbQuercus &#038; Truffles\u00a0\u00bb button_text=\u00a0\u00bbD\u00c9COUVRIR PLUS\u00a0\u00bb button_link=\u00a0\u00bbhttps:\/\/quercusandtruffles.com\/mayoristas-de-trufas\/\u00a0\u00bb _builder_version=\u00a0\u00bb4.7.3&Prime; _module_preset=\u00a0\u00bbdefault\u00a0\u00bb header_level=\u00a0\u00bbh3&Prime; header_font=\u00a0\u00bb|800|||||||\u00a0\u00bb header_text_color=\u00a0\u00bb#ffffff\u00a0\u00bb header_font_size=\u00a0\u00bb46px\u00a0\u00bb background_enable_color=\u00a0\u00bboff\u00a0\u00bb use_background_color_gradient=\u00a0\u00bbon\u00a0\u00bb background_color_gradient_start=\u00a0\u00bbrgba(0,0,0,0.2)\u00a0\u00bb background_color_gradient_end=\u00a0\u00bbrgba(0,0,0,0.2)\u00a0\u00bb background_color_gradient_overlays_image=\u00a0\u00bbon\u00a0\u00bb background_image=\u00a0\u00bbhttps:\/\/quercusandtruffles.com\/wp-content\/uploads\/2020\/11\/black-truffle-wholesaler-banner-2.jpg\u00a0\u00bb background_enable_image=\u00a0\u00bbon\u00a0\u00bb custom_padding=\u00a0\u00bb||||false|false\u00a0\u00bb button_text__hover_enabled=\u00a0\u00bboff|desktop\u00a0\u00bb sticky_transition=\u00a0\u00bbon\u00a0\u00bb]<\/p>\n<h2>Truffiers et grossiste de truffes noires<\/h2>\n<p>[\/et_pb_slide][\/et_pb_fullwidth_slider][\/et_pb_section][et_pb_section fb_built=\u00a0\u00bb1&Prime; _builder_version=\u00a0\u00bb4.6.6&Prime; _module_preset=\u00a0\u00bbdefault\u00a0\u00bb][et_pb_row column_structure=\u00a0\u00bb1_2,1_2&Prime; _builder_version=\u00a0\u00bb4.6.6&Prime; _module_preset=\u00a0\u00bbdefault\u00a0\u00bb][et_pb_column type=\u00a0\u00bb1_2&Prime; _builder_version=\u00a0\u00bb4.6.6&Prime; _module_preset=\u00a0\u00bbdefault\u00a0\u00bb][et_pb_text _builder_version=\u00a0\u00bb4.7.3&Prime; _module_preset=\u00a0\u00bbdefault\u00a0\u00bb text_font=\u00a0\u00bb|300|||||||\u00a0\u00bb header_font=\u00a0\u00bb||||||||\u00a0\u00bb header_text_color=\u00a0\u00bb#b49053&Prime; header_font_size=\u00a0\u00bb45px\u00a0\u00bb header_line_height=\u00a0\u00bb55px\u00a0\u00bb header_2_text_color=\u00a0\u00bb#b49053&Prime; header_2_font_size=\u00a0\u00bb45px\u00a0\u00bb header_2_line_height=\u00a0\u00bb55px\u00a0\u00bb custom_margin_tablet=\u00a0\u00bb\u00a0\u00bb custom_margin_phone=\u00a0\u00bb\u00a0\u00bb custom_margin_last_edited=\u00a0\u00bbon|tablet\u00a0\u00bb custom_padding=\u00a0\u00bb|60px||||\u00a0\u00bb custom_padding_tablet=\u00a0\u00bb|0px|||false|false\u00a0\u00bb custom_padding_phone=\u00a0\u00bb\u00a0\u00bb custom_padding_last_edited=\u00a0\u00bbon|tablet\u00a0\u00bb]<\/p>\n<div class=\"seo-section\">\n<p>Voulez-vous acheter ou importer des truffes fra\u00eeches? contactez le <a href=\"https:\/\/quercusandtruffles.com\/wholesale-of-truffles\/\"> Grossiste truffe noire <\/a> Quercus et truffes, marketing direct et sans interm\u00e9diaires de truffe noire, r\u00e9colt\u00e9s quotidiennement pour entretenir fra\u00eecheur maximale<\/p>\n<p>Chez Quercus and Truffles, nous sommes les producteurs de truffes noires par excellence en Espagne.Chaque ann\u00e9e, des milliers d&rsquo;hommes d&rsquo;affaires d&rsquo;Europe importent les meilleures truffes fra\u00eeches d&rsquo;Espagne, donc toute la production annuelle est utilis\u00e9e pour l&rsquo;exportation, pour entretenir nos plantations.<\/p>\n<p>C&rsquo;est pourquoi, en tant que grossiste truffes noires, nous nous adaptons aux demandes de nos clients en proposant un <a href=\"https:\/\/quercusandtruffles.com\/contact\/\" rel=\"nofollow\"> canal d&rsquo;achat direct <\/a ><\/p>\n<\/div>\n<h2>Qui sommes nous?<\/h2>\n<p><b>Quercus and Truffles a plus de 40 ans d&rsquo;exp\u00e9rience dans le domaine de la trufficulture. <\/b><\/p>\n<p>Nous sommes une entreprise familiale situ\u00e9e \u00e0 El Toro (Castell\u00f3n), une r\u00e9gion id\u00e9ale pour la culture de la truffe noire (Tuber Melanosporum). <\/p>\n<p>Cette excellente localisation nous permet d&rsquo;obtenir chaque ann\u00e9e une truffe d&rsquo;excellente qualit\u00e9 que nous exportons \u00e0 l&rsquo;international, la France \u00e9tant le principal march\u00e9 de r\u00e9f\u00e9rence. [\/et_pb_text][et_pb_button button_url=\u00a0\u00bbhttps:\/\/quercusandtruffles.com\/fr\/grossistes-truffes\/\u00a0\u00bb button_text=\u00a0\u00bbD\u00c9COUVRIR PLUS\u00a0\u00bb _builder_version=\u00a0\u00bb4.7.3&Prime; _module_preset=\u00a0\u00bbdefault\u00a0\u00bb custom_button=\u00a0\u00bbon\u00a0\u00bb button_text_size=\u00a0\u00bb18px\u00a0\u00bb button_text_color=\u00a0\u00bb#ffffff\u00a0\u00bb button_bg_color=\u00a0\u00bb#cac6c1&Prime; button_border_width=\u00a0\u00bb0px\u00a0\u00bb button_border_radius=\u00a0\u00bb2px\u00a0\u00bb button_letter_spacing=\u00a0\u00bb0px\u00a0\u00bb button_font=\u00a0\u00bb|300|||||||\u00a0\u00bb background_layout=\u00a0\u00bbdark\u00a0\u00bb custom_padding=\u00a0\u00bb10px||10px||true|false\u00a0\u00bb][\/et_pb_button][\/et_pb_column][et_pb_column type=\u00a0\u00bb1_2&Prime; _builder_version=\u00a0\u00bb4.6.6&Prime; _module_preset=\u00a0\u00bbdefault\u00a0\u00bb][et_pb_image src=\u00a0\u00bbhttps:\/\/quercusandtruffles.com\/wp-content\/uploads\/2020\/11\/best-truffles-wholesaler.jpg\u00a0\u00bb title_text=\u00a0\u00bbtruffle wholesaler, Grossistes de truffes noires\u00a0\u00bb align_tablet=\u00a0\u00bbcenter\u00a0\u00bb align_phone=\u00a0\u00bb\u00a0\u00bb align_last_edited=\u00a0\u00bbon|tablet\u00a0\u00bb _builder_version=\u00a0\u00bb4.7.3&Prime; _module_preset=\u00a0\u00bbdefault\u00a0\u00bb hover_enabled=\u00a0\u00bb0&Prime; sticky_enabled=\u00a0\u00bb0&Prime;][\/et_pb_image][\/et_pb_column][\/et_pb_row][\/et_pb_section][et_pb_section fb_built=\u00a0\u00bb1&Prime; module_class=\u00a0\u00bbflex\u00a0\u00bb _builder_version=\u00a0\u00bb4.7.1&Prime; _module_preset=\u00a0\u00bbdefault\u00a0\u00bb background_image=\u00a0\u00bbhttps:\/\/quercusandtruffles.com\/wp-content\/uploads\/2020\/11\/banner-mayorista-1.jpg\u00a0\u00bb parallax=\u00a0\u00bbon\u00a0\u00bb min_height=\u00a0\u00bb100vh\u00a0\u00bb][et_pb_row column_structure=\u00a0\u00bb2_5,3_5&Prime; custom_padding_last_edited=\u00a0\u00bbon|tablet\u00a0\u00bb _builder_version=\u00a0\u00bb4.6.6&Prime; _module_preset=\u00a0\u00bbdefault\u00a0\u00bb width=\u00a0\u00bb100%\u00a0\u00bb max_width=\u00a0\u00bb1200px\u00a0\u00bb custom_padding=\u00a0\u00bb|||40px|false|false\u00a0\u00bb custom_padding_tablet=\u00a0\u00bb|40px||40px|false|false\u00a0\u00bb custom_padding_phone=\u00a0\u00bb\u00a0\u00bb][et_pb_column type=\u00a0\u00bb2_5&Prime; _builder_version=\u00a0\u00bb4.6.6&Prime; _module_preset=\u00a0\u00bbdefault\u00a0\u00bb][et_pb_text _builder_version=\u00a0\u00bb4.7.3&Prime; _module_preset=\u00a0\u00bbdefault\u00a0\u00bb text_text_color=\u00a0\u00bb#ffffff\u00a0\u00bb text_font_size=\u00a0\u00bb18px\u00a0\u00bb text_line_height=\u00a0\u00bb23px\u00a0\u00bb header_text_color=\u00a0\u00bb#b49053&Prime; header_line_height=\u00a0\u00bb60px\u00a0\u00bb header_2_text_color=\u00a0\u00bb#b49053&Prime; header_2_font_size=\u00a0\u00bb38px\u00a0\u00bb header_2_line_height=\u00a0\u00bb52px\u00a0\u00bb background_color=\u00a0\u00bb#433a2c\u00a0\u00bb custom_margin=\u00a0\u00bb||||false|false\u00a0\u00bb custom_padding=\u00a0\u00bb50px|50px|50px|50px|true|true\u00a0\u00bb custom_padding_tablet=\u00a0\u00bb\u00a0\u00bb custom_padding_phone=\u00a0\u00bb20px|20px|20px|20px|true|true\u00a0\u00bb custom_padding_last_edited=\u00a0\u00bbon|phone\u00a0\u00bb text_font_size_tablet=\u00a0\u00bb\u00a0\u00bb text_font_size_phone=\u00a0\u00bb18px\u00a0\u00bb text_font_size_last_edited=\u00a0\u00bbon|phone\u00a0\u00bb header_2_font_size_tablet=\u00a0\u00bb\u00a0\u00bb header_2_font_size_phone=\u00a0\u00bb30px\u00a0\u00bb header_2_font_size_last_edited=\u00a0\u00bbon|phone\u00a0\u00bb header_2_letter_spacing_tablet=\u00a0\u00bb\u00a0\u00bb header_2_letter_spacing_phone=\u00a0\u00bb\u00a0\u00bb header_2_letter_spacing_last_edited=\u00a0\u00bbon|phone\u00a0\u00bb header_2_line_height_tablet=\u00a0\u00bb\u00a0\u00bb header_2_line_height_phone=\u00a0\u00bb35px\u00a0\u00bb header_2_line_height_last_edited=\u00a0\u00bbon|phone\u00a0\u00bb background_color_tablet=\u00a0\u00bbrgba(67,58,44,0.75)\u00a0\u00bb background_color_phone=\u00a0\u00bbrgba(67,58,44,0.53)\u00a0\u00bb background_last_edited=\u00a0\u00bbon|phone\u00a0\u00bb background_enable_color_tablet=\u00a0\u00bbon\u00a0\u00bb background_enable_color_phone=\u00a0\u00bbon\u00a0\u00bb]<\/p>\n<h2>Grossistes<br \/>\n  truffes<\/h2>\n<p>Nous exp\u00e9dions des truffes partout dans le monde<\/p>\n<p>[\/et_pb_text][et_pb_button button_url=\u00a0\u00bbhttps:\/\/quercusandtruffles.com\/fr\/grossistes-truffes\/\u00a0\u00bb button_text=\u00a0\u00bbD\u00c9COUVRIR PLUS\u00a0\u00bb _builder_version=\u00a0\u00bb4.7.3&Prime; _module_preset=\u00a0\u00bbdefault\u00a0\u00bb custom_button=\u00a0\u00bbon\u00a0\u00bb button_text_size=\u00a0\u00bb18px\u00a0\u00bb button_text_color=\u00a0\u00bb#ffffff\u00a0\u00bb button_bg_color=\u00a0\u00bb#cac6c1&Prime; button_border_width=\u00a0\u00bb0px\u00a0\u00bb button_border_radius=\u00a0\u00bb2px\u00a0\u00bb button_letter_spacing=\u00a0\u00bb0px\u00a0\u00bb button_font=\u00a0\u00bb|300|||||||\u00a0\u00bb background_layout=\u00a0\u00bbdark\u00a0\u00bb custom_padding=\u00a0\u00bb10px||10px||true|false\u00a0\u00bb][\/et_pb_button][\/et_pb_column][et_pb_column type=\u00a0\u00bb3_5&Prime; _builder_version=\u00a0\u00bb4.6.6&Prime; _module_preset=\u00a0\u00bbdefault\u00a0\u00bb][\/et_pb_column][\/et_pb_row][\/et_pb_section][et_pb_section fb_built=\u00a0\u00bb1&Prime; _builder_version=\u00a0\u00bb4.6.6&Prime; _module_preset=\u00a0\u00bbdefault\u00a0\u00bb background_color=\u00a0\u00bb#f9f5f1&Prime;][et_pb_row column_structure=\u00a0\u00bb2_5,3_5&Prime; custom_padding_last_edited=\u00a0\u00bbon|desktop\u00a0\u00bb _builder_version=\u00a0\u00bb4.6.6&Prime; _module_preset=\u00a0\u00bbdefault\u00a0\u00bb width=\u00a0\u00bb100%\u00a0\u00bb max_width=\u00a0\u00bb1200px\u00a0\u00bb custom_padding=\u00a0\u00bb|40px||70px|false|false\u00a0\u00bb custom_padding_tablet=\u00a0\u00bb|70px||70px|false|true\u00a0\u00bb custom_padding_phone=\u00a0\u00bb|50px||50px|false|true\u00a0\u00bb][et_pb_column type=\u00a0\u00bb2_5&Prime; _builder_version=\u00a0\u00bb4.6.6&Prime; _module_preset=\u00a0\u00bbdefault\u00a0\u00bb][et_pb_image src=\u00a0\u00bbhttps:\/\/quercusandtruffles.com\/wp-content\/uploads\/2020\/11\/quercus-and-truffles-section-3.jpg\u00a0\u00bb title_text=\u00a0\u00bbquercus-and-truffles-section-3&Prime; align_tablet=\u00a0\u00bbcenter\u00a0\u00bb align_phone=\u00a0\u00bb\u00a0\u00bb align_last_edited=\u00a0\u00bbon|tablet\u00a0\u00bb _builder_version=\u00a0\u00bb4.7.0&Prime; _module_preset=\u00a0\u00bbdefault\u00a0\u00bb][\/et_pb_image][\/et_pb_column][et_pb_column type=\u00a0\u00bb3_5&Prime; _builder_version=\u00a0\u00bb4.6.6&Prime; _module_preset=\u00a0\u00bbdefault\u00a0\u00bb][et_pb_text _builder_version=\u00a0\u00bb4.7.3&Prime; _module_preset=\u00a0\u00bbdefault\u00a0\u00bb text_font=\u00a0\u00bb|300|||||||\u00a0\u00bb header_3_font=\u00a0\u00bb|300|||||||\u00a0\u00bb header_3_font_size=\u00a0\u00bb24px\u00a0\u00bb header_3_line_height=\u00a0\u00bb34px\u00a0\u00bb background_color=\u00a0\u00bb#ffffff\u00a0\u00bb positioning=\u00a0\u00bbrelative\u00a0\u00bb horizontal_offset=\u00a0\u00bb-114px\u00a0\u00bb position_origin_a_tablet=\u00a0\u00bb\u00a0\u00bb position_origin_a_phone=\u00a0\u00bb\u00a0\u00bb position_origin_a_last_edited=\u00a0\u00bbon|tablet\u00a0\u00bb position_origin_f_tablet=\u00a0\u00bb\u00a0\u00bb position_origin_f_phone=\u00a0\u00bb\u00a0\u00bb position_origin_f_last_edited=\u00a0\u00bbon|tablet\u00a0\u00bb position_origin_r_tablet=\u00a0\u00bb\u00a0\u00bb position_origin_r_phone=\u00a0\u00bb\u00a0\u00bb position_origin_r_last_edited=\u00a0\u00bbon|tablet\u00a0\u00bb width=\u00a0\u00bb100%\u00a0\u00bb custom_padding=\u00a0\u00bb40px|40px|40px|40px|true|true\u00a0\u00bb custom_padding_tablet=\u00a0\u00bb|20px||20px|true|true\u00a0\u00bb custom_padding_phone=\u00a0\u00bb10px|15px|10px|15px|true|true\u00a0\u00bb custom_padding_last_edited=\u00a0\u00bbon|tablet\u00a0\u00bb positioning_tablet=\u00a0\u00bbnone\u00a0\u00bb positioning_phone=\u00a0\u00bb\u00a0\u00bb positioning_last_edited=\u00a0\u00bbon|tablet\u00a0\u00bb]<\/p>\n<h3>Notre principale vertu est la capacit\u00e9 \u00e0 couvrir le cycle de vie de la trufficulture sans aucun interm\u00e9diaire.<br \/>\n<\/h3>\n<ul class=\"my-list\">\n<li><strong>Production<\/strong>: Dans nos p\u00e9pini\u00e8res, nous inoculons nos plantes chaque ann\u00e9e.<\/li>\n<li><strong>Plantation<\/strong>: Nous poss\u00e9dons nos propres plantations o\u00f9 nous r\u00e9coltons nos propres truffes.<\/li>\n<li><strong>Cueillette<\/strong>: Chaque ann\u00e9e, de novembre \u00e0 mars, nous r\u00e9coltons la production.<\/li>\n<li><strong>Commercialisation et vente <\/strong>: Nous vendons des truffes en assurant une <a href=\"https:\/\/quercusandtruffles.com\/fr\/contact\" rel=\"nofollow\">fili\u00e8re directe<\/a> et sans aucun interm\u00e9diaire<\/li>\n<\/ul>\n<p>En bref, nous sommes producteurs, trufficulteurs, r\u00e9colteurs et distributeurs de truffes noires (Tuber Melanosporum). Notre objectif est de pouvoir proposer une truffe de la plus haute qualit\u00e9, en raccourcissant les d\u00e9lais de livraison pour que le produit arrive dans des conditions optimales.[\/et_pb_text][\/et_pb_column][\/et_pb_row][\/et_pb_section][et_pb_section fb_built=\u00a0\u00bb1&Prime; module_class=\u00a0\u00bbflex\u00a0\u00bb _builder_version=\u00a0\u00bb4.7.1&Prime; _module_preset=\u00a0\u00bbdefault\u00a0\u00bb background_image=\u00a0\u00bbhttps:\/\/quercusandtruffles.com\/wp-content\/uploads\/2020\/11\/banner-planta-micorrizada-1.jpg\u00a0\u00bb parallax=\u00a0\u00bbon\u00a0\u00bb min_height=\u00a0\u00bb100vh\u00a0\u00bb][et_pb_row column_structure=\u00a0\u00bb3_5,2_5&Prime; custom_padding_last_edited=\u00a0\u00bbon|tablet\u00a0\u00bb _builder_version=\u00a0\u00bb4.6.6&Prime; _module_preset=\u00a0\u00bbdefault\u00a0\u00bb width=\u00a0\u00bb100%\u00a0\u00bb max_width=\u00a0\u00bb1200px\u00a0\u00bb custom_padding=\u00a0\u00bb|40px|||false|false\u00a0\u00bb custom_padding_tablet=\u00a0\u00bb|40px||40px|false|false\u00a0\u00bb custom_padding_phone=\u00a0\u00bb\u00a0\u00bb][et_pb_column type=\u00a0\u00bb3_5&Prime; _builder_version=\u00a0\u00bb4.6.6&Prime; _module_preset=\u00a0\u00bbdefault\u00a0\u00bb][\/et_pb_column][et_pb_column type=\u00a0\u00bb2_5&Prime; _builder_version=\u00a0\u00bb4.6.6&Prime; _module_preset=\u00a0\u00bbdefault\u00a0\u00bb][et_pb_text _builder_version=\u00a0\u00bb4.7.3&Prime; _module_preset=\u00a0\u00bbdefault\u00a0\u00bb text_text_color=\u00a0\u00bb#ffffff\u00a0\u00bb text_font_size=\u00a0\u00bb18px\u00a0\u00bb text_line_height=\u00a0\u00bb23px\u00a0\u00bb header_text_color=\u00a0\u00bb#b49053&Prime; header_line_height=\u00a0\u00bb60px\u00a0\u00bb header_2_text_color=\u00a0\u00bb#b49053&Prime; header_2_font_size=\u00a0\u00bb38px\u00a0\u00bb header_2_line_height=\u00a0\u00bb52px\u00a0\u00bb background_color=\u00a0\u00bb#433a2c\u00a0\u00bb custom_padding=\u00a0\u00bb40px|40px|40px|40px|true|true\u00a0\u00bb custom_padding_tablet=\u00a0\u00bb\u00a0\u00bb custom_padding_phone=\u00a0\u00bb20px|20px|20px|20px|true|true\u00a0\u00bb custom_padding_last_edited=\u00a0\u00bbon|phone\u00a0\u00bb text_font_size_tablet=\u00a0\u00bb\u00a0\u00bb text_font_size_phone=\u00a0\u00bb18px\u00a0\u00bb text_font_size_last_edited=\u00a0\u00bbon|phone\u00a0\u00bb header_2_font_size_tablet=\u00a0\u00bb\u00a0\u00bb header_2_font_size_phone=\u00a0\u00bb30px\u00a0\u00bb header_2_font_size_last_edited=\u00a0\u00bbon|phone\u00a0\u00bb header_2_line_height_tablet=\u00a0\u00bb\u00a0\u00bb header_2_line_height_phone=\u00a0\u00bb35px\u00a0\u00bb header_2_line_height_last_edited=\u00a0\u00bbon|phone\u00a0\u00bb background_color_tablet=\u00a0\u00bbrgba(67,58,44,0.75)\u00a0\u00bb background_color_phone=\u00a0\u00bbrgba(67,58,44,0.53)\u00a0\u00bb background_last_edited=\u00a0\u00bbon|tablet\u00a0\u00bb background_enable_color_tablet=\u00a0\u00bbon\u00a0\u00bb background_enable_color_phone=\u00a0\u00bbon\u00a0\u00bb]<\/p>\n<h2>Plante<br \/>\nmycorhiz\u00e9e<\/h2>\n<p>Vous avez des questions sur la culture de la truffe? Demandez-nous sans engagement ou venez nous rencontrer[\/et_pb_text][et_pb_button button_url=\u00a0\u00bbhttps:\/\/quercusandtruffles.com\/fr\/plante-mycorhizee\/\u00a0\u00bb button_text=\u00a0\u00bbD\u00c9COUVRIR PLUS\u00a0\u00bb _builder_version=\u00a0\u00bb4.7.3&Prime; _module_preset=\u00a0\u00bbdefault\u00a0\u00bb custom_button=\u00a0\u00bbon\u00a0\u00bb button_text_size=\u00a0\u00bb18px\u00a0\u00bb button_text_color=\u00a0\u00bb#ffffff\u00a0\u00bb button_bg_color=\u00a0\u00bb#cac6c1&Prime; button_border_width=\u00a0\u00bb0px\u00a0\u00bb button_border_radius=\u00a0\u00bb2px\u00a0\u00bb button_letter_spacing=\u00a0\u00bb0px\u00a0\u00bb button_font=\u00a0\u00bb|300|||||||\u00a0\u00bb background_layout=\u00a0\u00bbdark\u00a0\u00bb custom_padding=\u00a0\u00bb10px||10px||true|false\u00a0\u00bb][\/et_pb_button][\/et_pb_column][\/et_pb_row][\/et_pb_section]<\/p>\n","protected":false},"excerpt":{"rendered":"<p>Grossiste truffe noire Truffiers et grossiste de truffes noiresTruffiers et grossiste de truffes noiresTruffiers et grossiste de truffes noires Voulez-vous acheter ou importer des truffes fra\u00eeches? contactez le Grossiste truffe noire Quercus et truffes, marketing direct et sans interm\u00e9diaires de truffe noire, r\u00e9colt\u00e9s quotidiennement pour entretenir fra\u00eecheur maximale Chez Quercus and Truffles, nous sommes les [&hellip;]<\/p>\n","protected":false},"author":1,"featured_media":334,"parent":0,"menu_order":0,"comment_status":"closed","ping_status":"closed","template":"","meta":{"_et_pb_use_builder":"on","_et_pb_old_content":"","_et_gb_content_width":""},"dipi_cpt_category":[],"_links":{"self":[{"href":"https:\/\/quercusandtruffles.com\/fr\/wp-json\/wp\/v2\/pages\/333"}],"collection":[{"href":"https:\/\/quercusandtruffles.com\/fr\/wp-json\/wp\/v2\/pages"}],"about":[{"href":"https:\/\/quercusandtruffles.com\/fr\/wp-json\/wp\/v2\/types\/page"}],"author":[{"embeddable":true,"href":"https:\/\/quercusandtruffles.com\/fr\/wp-json\/wp\/v2\/users\/1"}],"replies":[{"embeddable":true,"href":"https:\/\/quercusandtruffles.com\/fr\/wp-json\/wp\/v2\/comments?post=333"}],"version-history":[{"count":9,"href":"https:\/\/quercusandtruffles.com\/fr\/wp-json\/wp\/v2\/pages\/333\/revisions"}],"predecessor-version":[{"id":406,"href":"https:\/\/quercusandtruffles.com\/fr\/wp-json\/wp\/v2\/pages\/333\/revisions\/406"}],"wp:featuredmedia":[{"embeddable":true,"href":"https:\/\/quercusandtruffles.com\/fr\/wp-json\/wp\/v2\/media\/334"}],"wp:attachment":[{"href":"https:\/\/quercusandtruffles.com\/fr\/wp-json\/wp\/v2\/media?parent=333"}],"wp:term":[{"taxonomy":"dipi_cpt_category","embeddable":true,"href":"https:\/\/quercusandtruffles.com\/fr\/wp-json\/wp\/v2\/dipi_cpt_category?post=333"}],"curies":[{"name":"wp","href":"https:\/\/api.w.org\/{rel}","templated":true}]}}